{"id":1488,"date":"2020-12-06T18:28:32","date_gmt":"2020-12-06T18:28:32","guid":{"rendered":"https:\/\/www.fatmadefneilgaz.com.tr\/kitaphane\/urun\/toprak-insanlari\/"},"modified":"2020-12-12T21:10:22","modified_gmt":"2020-12-12T21:10:22","slug":"toprak-insanlari","status":"publish","type":"product","link":"https:\/\/www.fatmadefneilgaz.com.tr\/kitaphane\/urun\/toprak-insanlari\/","title":{"rendered":"TOPRAK \u0130NSANLARI"},"content":{"rendered":"<p><strong>TOPRAK \u0130NSANLARI<\/strong><\/p>\n<p><strong>AFET ILGAZ<\/strong><\/p>\n<p><strong>T\u00dcRK SANAT\u00c7ILARI H\u0130KAYE D\u0130Z\u0130S\u0130 : B\u0130R<\/strong><\/p>\n<p>\u0130K\u0130NC\u0130 BASIM<\/p>\n<p>SINIF YAYINLARI<\/p>\n<p>\u0130STANBUL 1972<\/p>\n<p>AFET ILGAZ&#8217;dan \u0130MZALI 1978 A\u011fustos<\/p>\n<p>&nbsp;<\/p>\n<div class=\"pvc_clear\"><\/div>\n<p id=\"pvc_stats_1488\" class=\"pvc_stats all  \" data-element-id=\"1488\" style=\"\"><i class=\"pvc-stats-icon large\" aria-hidden=\"true\"><svg aria-hidden=\"true\" focusable=\"false\" data-prefix=\"far\" data-icon=\"chart-bar\" role=\"img\" xmlns=\"http:\/\/www.w3.org\/2000\/svg\" viewBox=\"0 0 512 512\" class=\"svg-inline--fa fa-chart-bar fa-w-16 fa-2x\"><path fill=\"currentColor\" d=\"M396.8 352h22.4c6.4 0 12.8-6.4 12.8-12.8V108.8c0-6.4-6.4-12.8-12.8-12.8h-22.4c-6.4 0-12.8 6.4-12.8 12.8v230.4c0 6.4 6.4 12.8 12.8 12.8zm-192 0h22.4c6.4 0 12.8-6.4 12.8-12.8V140.8c0-6.4-6.4-12.8-12.8-12.8h-22.4c-6.4 0-12.8 6.4-12.8 12.8v198.4c0 6.4 6.4 12.8 12.8 12.8zm96 0h22.4c6.4 0 12.8-6.4 12.8-12.8V204.8c0-6.4-6.4-12.8-12.8-12.8h-22.4c-6.4 0-12.8 6.4-12.8 12.8v134.4c0 6.4 6.4 12.8 12.8 12.8zM496 400H48V80c0-8.84-7.16-16-16-16H16C7.16 64 0 71.16 0 80v336c0 17.67 14.33 32 32 32h464c8.84 0 16-7.16 16-16v-16c0-8.84-7.16-16-16-16zm-387.2-48h22.4c6.4 0 12.8-6.4 12.8-12.8v-70.4c0-6.4-6.4-12.8-12.8-12.8h-22.4c-6.4 0-12.8 6.4-12.8 12.8v70.4c0 6.4 6.4 12.8 12.8 12.8z\" class=\"\"><\/path><\/svg><\/i> <img loading=\"lazy\" decoding=\"async\" width=\"16\" height=\"16\" alt=\"Loading\" src=\"https:\/\/www.fatmadefneilgaz.com.tr\/kitaphane\/wp-content\/plugins\/page-views-count\/ajax-loader-2x.gif\" border=0 \/><\/p>\n<div class=\"pvc_clear\"><\/div>\n","protected":false},"excerpt":{"rendered":"<p><strong>TOPRAK \u0130NSANLARI<\/strong><\/p>\n<p><strong>AFET ILGAZ<\/strong><\/p>\n<p><strong>T\u00dcRK SANAT\u00c7ILARI H\u0130KAYE D\u0130Z\u0130S\u0130 : B\u0130R<\/strong><\/p>\n<p>\u0130K\u0130NC\u0130 BASIM<\/p>\n<p>SINIF YAYINLARI<\/p>\n<p>\u0130STANBUL 1972<\/p>\n<p>AFET ILGAZ&#8217;dan \u0130MZALI 1978 A\u011fustos<\/p>\n<p>&nbsp;<\/p>\n<div class=\"pvc_clear\"><\/div>\n<p id=\"pvc_stats_1488\" class=\"pvc_stats all  \" data-element-id=\"1488\" style=\"\"><i class=\"pvc-stats-icon large\" aria-hidden=\"true\"><svg aria-hidden=\"true\" focusable=\"false\" data-prefix=\"far\" data-icon=\"chart-bar\" role=\"img\" xmlns=\"http:\/\/www.w3.org\/2000\/svg\" viewBox=\"0 0 512 512\" class=\"svg-inline--fa fa-chart-bar fa-w-16 fa-2x\"><path fill=\"currentColor\" d=\"M396.8 352h22.4c6.4 0 12.8-6.4 12.8-12.8V108.8c0-6.4-6.4-12.8-12.8-12.8h-22.4c-6.4 0-12.8 6.4-12.8 12.8v230.4c0 6.4 6.4 12.8 12.8 12.8zm-192 0h22.4c6.4 0 12.8-6.4 12.8-12.8V140.8c0-6.4-6.4-12.8-12.8-12.8h-22.4c-6.4 0-12.8 6.4-12.8 12.8v198.4c0 6.4 6.4 12.8 12.8 12.8zm96 0h22.4c6.4 0 12.8-6.4 12.8-12.8V204.8c0-6.4-6.4-12.8-12.8-12.8h-22.4c-6.4 0-12.8 6.4-12.8 12.8v134.4c0 6.4 6.4 12.8 12.8 12.8zM496 400H48V80c0-8.84-7.16-16-16-16H16C7.16 64 0 71.16 0 80v336c0 17.67 14.33 32 32 32h464c8.84 0 16-7.16 16-16v-16c0-8.84-7.16-16-16-16zm-387.2-48h22.4c6.4 0 12.8-6.4 12.8-12.8v-70.4c0-6.4-6.4-12.8-12.8-12.8h-22.4c-6.4 0-12.8 6.4-12.8 12.8v70.4c0 6.4 6.4 12.8 12.8 12.8z\" class=\"\"><\/path><\/svg><\/i> <img loading=\"lazy\" decoding=\"async\" width=\"16\" height=\"16\" alt=\"Loading\" src=\"https:\/\/www.fatmadefneilgaz.com.tr\/kitaphane\/wp-content\/plugins\/page-views-count\/ajax-loader-2x.gif\" border=0 \/><\/p>\n<div class=\"pvc_clear\"><\/div>\n","protected":false},"featured_media":1485,"template":"","meta":{"pgc_meta":""},"product_cat":[19,31,26,23,353,66,37,323],"product_tag":[316,38,74,700,702,46,703,357,704,80,312,696,697,701],"class_list":["post-1488","product","type-product","status-publish","has-post-thumbnail","hentry","product_cat-afet-ilgaz","product_cat-afet-ilgazdan-imzali","product_cat-imzali-kitap","product_cat-kitap","product_cat-oyku","product_cat-roman","product_cat-sinif-yayinlari","product_cat-yazarindan-imzali","product_tag-316","product_tag-afet-ilgaz","product_tag-afet-ilgazdan-imzali","product_tag-agustos-1978","product_tag-film","product_tag-imzali","product_tag-odullu-film","product_tag-oyku","product_tag-radyo-tiyatrosu","product_tag-roman","product_tag-sinif-yayinlari","product_tag-toprak","product_tag-toprak-insanlari","product_tag-trt","pa_basim-yili-136","pa_imzali-afet-ilgazdan-imzali","pa_imzali-yazarindan-imzali","pa_raf-a2","pa_tur-oyku","pa_tur-roman","pa_yayin-adi-toprak-insanlari","pa_yayinevi-sinif","pa_yazar-adi-afet-ilgaz"],"_links":{"self":[{"href":"https:\/\/www.fatmadefneilgaz.com.tr\/kitaphane\/wp-json\/wp\/v2\/product\/1488","targetHints":{"allow":["GET"]}}],"collection":[{"href":"https:\/\/www.fatmadefneilgaz.com.tr\/kitaphane\/wp-json\/wp\/v2\/product"}],"about":[{"href":"https:\/\/www.fatmadefneilgaz.com.tr\/kitaphane\/wp-json\/wp\/v2\/types\/product"}],"wp:featuredmedia":[{"embeddable":true,"href":"https:\/\/www.fatmadefneilgaz.com.tr\/kitaphane\/wp-json\/wp\/v2\/media\/1485"}],"wp:attachment":[{"href":"https:\/\/www.fatmadefneilgaz.com.tr\/kitaphane\/wp-json\/wp\/v2\/media?parent=1488"}],"wp:term":[{"taxonomy":"product_cat","embeddable":true,"href":"https:\/\/www.fatmadefneilgaz.com.tr\/kitaphane\/wp-json\/wp\/v2\/product_cat?post=1488"},{"taxonomy":"product_tag","embeddable":true,"href":"https:\/\/www.fatmadefneilgaz.com.tr\/kitaphane\/wp-json\/wp\/v2\/product_tag?post=1488"}],"curies":[{"name":"wp","href":"https:\/\/api.w.org\/{rel}","templated":true}]}}