{"id":1557,"date":"2020-12-06T19:01:37","date_gmt":"2020-12-06T19:01:37","guid":{"rendered":"https:\/\/www.fatmadefneilgaz.com.tr\/kitaphane\/urun\/garibin-horozu\/"},"modified":"2020-12-06T19:01:37","modified_gmt":"2020-12-06T19:01:37","slug":"garibin-horozu","status":"publish","type":"product","link":"https:\/\/www.fatmadefneilgaz.com.tr\/kitaphane\/urun\/garibin-horozu\/","title":{"rendered":"GAR\u0130B\u0130N HOROZU"},"content":{"rendered":"<p><strong><span style=\"color: #000000;\">GAR\u0130B\u0130N HOROZU<\/span><\/strong><\/p>\n<p><strong><span style=\"color: #000000;\">RIFAT ILGAZ<\/span><\/strong><\/p>\n<p><strong><span style=\"color: #000000;\">\u00d6YK\u00dc<\/span><\/strong><\/p>\n<p><span style=\"color: #000000;\">\u00c7INAR YAYINLARI<\/span><\/p>\n<p><span style=\"color: #000000;\">1.BASIM \u015eUBAT 2018 \u0130STANBUL<\/span><\/p>\n<p><span style=\"color: #000000;\">(C) 1969, R\u0131fat Ilgaz<\/span><\/p>\n<p><span style=\"color: #000000;\">(C) 2016, \u00c7\u0131nar Yay\u0131nlar\u0131<\/span><\/p>\n<p>&nbsp;<\/p>\n<div class=\"pvc_clear\"><\/div>\n<p id=\"pvc_stats_1557\" class=\"pvc_stats all  \" data-element-id=\"1557\" style=\"\"><i class=\"pvc-stats-icon large\" aria-hidden=\"true\"><svg aria-hidden=\"true\" focusable=\"false\" data-prefix=\"far\" data-icon=\"chart-bar\" role=\"img\" xmlns=\"http:\/\/www.w3.org\/2000\/svg\" viewBox=\"0 0 512 512\" class=\"svg-inline--fa fa-chart-bar fa-w-16 fa-2x\"><path fill=\"currentColor\" d=\"M396.8 352h22.4c6.4 0 12.8-6.4 12.8-12.8V108.8c0-6.4-6.4-12.8-12.8-12.8h-22.4c-6.4 0-12.8 6.4-12.8 12.8v230.4c0 6.4 6.4 12.8 12.8 12.8zm-192 0h22.4c6.4 0 12.8-6.4 12.8-12.8V140.8c0-6.4-6.4-12.8-12.8-12.8h-22.4c-6.4 0-12.8 6.4-12.8 12.8v198.4c0 6.4 6.4 12.8 12.8 12.8zm96 0h22.4c6.4 0 12.8-6.4 12.8-12.8V204.8c0-6.4-6.4-12.8-12.8-12.8h-22.4c-6.4 0-12.8 6.4-12.8 12.8v134.4c0 6.4 6.4 12.8 12.8 12.8zM496 400H48V80c0-8.84-7.16-16-16-16H16C7.16 64 0 71.16 0 80v336c0 17.67 14.33 32 32 32h464c8.84 0 16-7.16 16-16v-16c0-8.84-7.16-16-16-16zm-387.2-48h22.4c6.4 0 12.8-6.4 12.8-12.8v-70.4c0-6.4-6.4-12.8-12.8-12.8h-22.4c-6.4 0-12.8 6.4-12.8 12.8v70.4c0 6.4 6.4 12.8 12.8 12.8z\" class=\"\"><\/path><\/svg><\/i> <img loading=\"lazy\" decoding=\"async\" width=\"16\" height=\"16\" alt=\"Loading\" src=\"https:\/\/www.fatmadefneilgaz.com.tr\/kitaphane\/wp-content\/plugins\/page-views-count\/ajax-loader-2x.gif\" border=0 \/><\/p>\n<div class=\"pvc_clear\"><\/div>\n","protected":false},"excerpt":{"rendered":"<p><strong><span style=\"color: #000000;\">GAR\u0130B\u0130N HOROZU<\/span><\/strong><\/p>\n<p><strong><span style=\"color: #000000;\">RIFAT ILGAZ<\/span><\/strong><\/p>\n<p><strong><span style=\"color: #000000;\">\u00d6YK\u00dc<\/span><\/strong><\/p>\n<p><span style=\"color: #000000;\">\u00c7INAR YAYINLARI<\/span><\/p>\n<p><span style=\"color: #000000;\">1.BASIM \u015eUBAT 2018 \u0130STANBUL<\/span><\/p>\n<p><span style=\"color: #000000;\">(C) 1969, R\u0131fat Ilgaz<\/span><\/p>\n<p><span style=\"color: #000000;\">(C) 2016, \u00c7\u0131nar Yay\u0131nlar\u0131<\/span><\/p>\n<p>&nbsp;<\/p>\n<div class=\"pvc_clear\"><\/div>\n<p id=\"pvc_stats_1557\" class=\"pvc_stats all  \" data-element-id=\"1557\" style=\"\"><i class=\"pvc-stats-icon large\" aria-hidden=\"true\"><svg aria-hidden=\"true\" focusable=\"false\" data-prefix=\"far\" data-icon=\"chart-bar\" role=\"img\" xmlns=\"http:\/\/www.w3.org\/2000\/svg\" viewBox=\"0 0 512 512\" class=\"svg-inline--fa fa-chart-bar fa-w-16 fa-2x\"><path fill=\"currentColor\" d=\"M396.8 352h22.4c6.4 0 12.8-6.4 12.8-12.8V108.8c0-6.4-6.4-12.8-12.8-12.8h-22.4c-6.4 0-12.8 6.4-12.8 12.8v230.4c0 6.4 6.4 12.8 12.8 12.8zm-192 0h22.4c6.4 0 12.8-6.4 12.8-12.8V140.8c0-6.4-6.4-12.8-12.8-12.8h-22.4c-6.4 0-12.8 6.4-12.8 12.8v198.4c0 6.4 6.4 12.8 12.8 12.8zm96 0h22.4c6.4 0 12.8-6.4 12.8-12.8V204.8c0-6.4-6.4-12.8-12.8-12.8h-22.4c-6.4 0-12.8 6.4-12.8 12.8v134.4c0 6.4 6.4 12.8 12.8 12.8zM496 400H48V80c0-8.84-7.16-16-16-16H16C7.16 64 0 71.16 0 80v336c0 17.67 14.33 32 32 32h464c8.84 0 16-7.16 16-16v-16c0-8.84-7.16-16-16-16zm-387.2-48h22.4c6.4 0 12.8-6.4 12.8-12.8v-70.4c0-6.4-6.4-12.8-12.8-12.8h-22.4c-6.4 0-12.8 6.4-12.8 12.8v70.4c0 6.4 6.4 12.8 12.8 12.8z\" class=\"\"><\/path><\/svg><\/i> <img loading=\"lazy\" decoding=\"async\" width=\"16\" height=\"16\" alt=\"Loading\" src=\"https:\/\/www.fatmadefneilgaz.com.tr\/kitaphane\/wp-content\/plugins\/page-views-count\/ajax-loader-2x.gif\" border=0 \/><\/p>\n<div class=\"pvc_clear\"><\/div>\n","protected":false},"featured_media":1555,"template":"","meta":{"pgc_meta":""},"product_cat":[23,353,20,66],"product_tag":[267,234,81,355,357,39,80,356],"class_list":["post-1557","product","type-product","status-publish","has-post-thumbnail","hentry","product_cat-kitap","product_cat-oyku","product_cat-rifat-ilgaz","product_cat-roman","product_tag-267","product_tag-234","product_tag-cinar-yayinlari","product_tag-garibin-horozu","product_tag-oyku","product_tag-rifat-ilgaz","product_tag-roman","product_tag-subat-2018","pa_basim-yili-105","pa_imzali-hayir","pa_raf-a1","pa_tur-oyku","pa_tur-roman","pa_yayin-adi-garibin-horozu","pa_yayinevi-cinar","pa_yazar-adi-rifat-ilgaz"],"_links":{"self":[{"href":"https:\/\/www.fatmadefneilgaz.com.tr\/kitaphane\/wp-json\/wp\/v2\/product\/1557","targetHints":{"allow":["GET"]}}],"collection":[{"href":"https:\/\/www.fatmadefneilgaz.com.tr\/kitaphane\/wp-json\/wp\/v2\/product"}],"about":[{"href":"https:\/\/www.fatmadefneilgaz.com.tr\/kitaphane\/wp-json\/wp\/v2\/types\/product"}],"wp:featuredmedia":[{"embeddable":true,"href":"https:\/\/www.fatmadefneilgaz.com.tr\/kitaphane\/wp-json\/wp\/v2\/media\/1555"}],"wp:attachment":[{"href":"https:\/\/www.fatmadefneilgaz.com.tr\/kitaphane\/wp-json\/wp\/v2\/media?parent=1557"}],"wp:term":[{"taxonomy":"product_cat","embeddable":true,"href":"https:\/\/www.fatmadefneilgaz.com.tr\/kitaphane\/wp-json\/wp\/v2\/product_cat?post=1557"},{"taxonomy":"product_tag","embeddable":true,"href":"https:\/\/www.fatmadefneilgaz.com.tr\/kitaphane\/wp-json\/wp\/v2\/product_tag?post=1557"}],"curies":[{"name":"wp","href":"https:\/\/api.w.org\/{rel}","templated":true}]}}