{"id":1583,"date":"2020-12-06T19:04:28","date_gmt":"2020-12-06T19:04:28","guid":{"rendered":"https:\/\/www.fatmadefneilgaz.com.tr\/kitaphane\/urun\/karartma-geceleri\/"},"modified":"2020-12-06T19:04:28","modified_gmt":"2020-12-06T19:04:28","slug":"karartma-geceleri","status":"publish","type":"product","link":"https:\/\/www.fatmadefneilgaz.com.tr\/kitaphane\/urun\/karartma-geceleri\/","title":{"rendered":"KARARTMA GECELER\u0130"},"content":{"rendered":"<p><span style=\"color: #000000;\"><strong>KARARTMA GECELER\u0130<\/strong><\/span><\/p>\n<p><span style=\"color: #000000;\"><strong>RIFAT ILGAZ<\/strong><\/span><\/p>\n<p><span style=\"color: #000000;\"><strong>ROMAN D\u0130Z\u0130S\u0130: 1<\/strong><\/span><\/p>\n<p><span style=\"color: #000000;\">SINIF YAYINLARI<\/span><\/p>\n<p><span style=\"color: #000000;\">\u0130STANBUL 1974<\/span><\/p>\n<p><span style=\"color: #000000;\">Kapak ve baz\u0131 sayfalar\u0131 bantl\u0131<\/span><\/p>\n<p>&nbsp;<\/p>\n<div class=\"pvc_clear\"><\/div>\n<p id=\"pvc_stats_1583\" class=\"pvc_stats all  \" data-element-id=\"1583\" style=\"\"><i class=\"pvc-stats-icon large\" aria-hidden=\"true\"><svg aria-hidden=\"true\" focusable=\"false\" data-prefix=\"far\" data-icon=\"chart-bar\" role=\"img\" xmlns=\"http:\/\/www.w3.org\/2000\/svg\" viewBox=\"0 0 512 512\" class=\"svg-inline--fa fa-chart-bar fa-w-16 fa-2x\"><path fill=\"currentColor\" d=\"M396.8 352h22.4c6.4 0 12.8-6.4 12.8-12.8V108.8c0-6.4-6.4-12.8-12.8-12.8h-22.4c-6.4 0-12.8 6.4-12.8 12.8v230.4c0 6.4 6.4 12.8 12.8 12.8zm-192 0h22.4c6.4 0 12.8-6.4 12.8-12.8V140.8c0-6.4-6.4-12.8-12.8-12.8h-22.4c-6.4 0-12.8 6.4-12.8 12.8v198.4c0 6.4 6.4 12.8 12.8 12.8zm96 0h22.4c6.4 0 12.8-6.4 12.8-12.8V204.8c0-6.4-6.4-12.8-12.8-12.8h-22.4c-6.4 0-12.8 6.4-12.8 12.8v134.4c0 6.4 6.4 12.8 12.8 12.8zM496 400H48V80c0-8.84-7.16-16-16-16H16C7.16 64 0 71.16 0 80v336c0 17.67 14.33 32 32 32h464c8.84 0 16-7.16 16-16v-16c0-8.84-7.16-16-16-16zm-387.2-48h22.4c6.4 0 12.8-6.4 12.8-12.8v-70.4c0-6.4-6.4-12.8-12.8-12.8h-22.4c-6.4 0-12.8 6.4-12.8 12.8v70.4c0 6.4 6.4 12.8 12.8 12.8z\" class=\"\"><\/path><\/svg><\/i> <img loading=\"lazy\" decoding=\"async\" width=\"16\" height=\"16\" alt=\"Loading\" src=\"https:\/\/www.fatmadefneilgaz.com.tr\/kitaphane\/wp-content\/plugins\/page-views-count\/ajax-loader-2x.gif\" border=0 \/><\/p>\n<div class=\"pvc_clear\"><\/div>\n","protected":false},"excerpt":{"rendered":"<p><span style=\"color: #000000;\"><strong>KARARTMA GECELER\u0130<\/strong><\/span><\/p>\n<p><span style=\"color: #000000;\"><strong>RIFAT ILGAZ<\/strong><\/span><\/p>\n<p><span style=\"color: #000000;\"><strong>ROMAN D\u0130Z\u0130S\u0130: 1<\/strong><\/span><\/p>\n<p><span style=\"color: #000000;\">SINIF YAYINLARI<\/span><\/p>\n<p><span style=\"color: #000000;\">\u0130STANBUL 1974<\/span><\/p>\n<p>&nbsp;<\/p>\n<div class=\"pvc_clear\"><\/div>\n<p id=\"pvc_stats_1583\" class=\"pvc_stats all  \" data-element-id=\"1583\" style=\"\"><i class=\"pvc-stats-icon large\" aria-hidden=\"true\"><svg aria-hidden=\"true\" focusable=\"false\" data-prefix=\"far\" data-icon=\"chart-bar\" role=\"img\" xmlns=\"http:\/\/www.w3.org\/2000\/svg\" viewBox=\"0 0 512 512\" class=\"svg-inline--fa fa-chart-bar fa-w-16 fa-2x\"><path fill=\"currentColor\" d=\"M396.8 352h22.4c6.4 0 12.8-6.4 12.8-12.8V108.8c0-6.4-6.4-12.8-12.8-12.8h-22.4c-6.4 0-12.8 6.4-12.8 12.8v230.4c0 6.4 6.4 12.8 12.8 12.8zm-192 0h22.4c6.4 0 12.8-6.4 12.8-12.8V140.8c0-6.4-6.4-12.8-12.8-12.8h-22.4c-6.4 0-12.8 6.4-12.8 12.8v198.4c0 6.4 6.4 12.8 12.8 12.8zm96 0h22.4c6.4 0 12.8-6.4 12.8-12.8V204.8c0-6.4-6.4-12.8-12.8-12.8h-22.4c-6.4 0-12.8 6.4-12.8 12.8v134.4c0 6.4 6.4 12.8 12.8 12.8zM496 400H48V80c0-8.84-7.16-16-16-16H16C7.16 64 0 71.16 0 80v336c0 17.67 14.33 32 32 32h464c8.84 0 16-7.16 16-16v-16c0-8.84-7.16-16-16-16zm-387.2-48h22.4c6.4 0 12.8-6.4 12.8-12.8v-70.4c0-6.4-6.4-12.8-12.8-12.8h-22.4c-6.4 0-12.8 6.4-12.8 12.8v70.4c0 6.4 6.4 12.8 12.8 12.8z\" class=\"\"><\/path><\/svg><\/i> <img loading=\"lazy\" decoding=\"async\" width=\"16\" height=\"16\" alt=\"Loading\" src=\"https:\/\/www.fatmadefneilgaz.com.tr\/kitaphane\/wp-content\/plugins\/page-views-count\/ajax-loader-2x.gif\" border=0 \/><\/p>\n<div class=\"pvc_clear\"><\/div>\n","protected":false},"featured_media":1581,"template":"","meta":{"pgc_meta":""},"product_cat":[23,20,66,37],"product_tag":[65,331,332,39,80,312],"class_list":["post-1583","product","type-product","status-publish","has-post-thumbnail","hentry","product_cat-kitap","product_cat-rifat-ilgaz","product_cat-roman","product_cat-sinif-yayinlari","product_tag-65","product_tag-karartma-geceleri","product_tag-mistik","product_tag-rifat-ilgaz","product_tag-roman","product_tag-sinif-yayinlari","pa_basim-yili-54","pa_ek-aciklamalar-kapak-ve-bazi-sayfalar-bantlanmis","pa_ek-aciklamalar-yipranmis","pa_imzali-hayir","pa_raf-a1","pa_tur-roman","pa_yayin-adi-karartma-geceleri","pa_yayinevi-sinif","pa_yazar-adi-rifat-ilgaz"],"_links":{"self":[{"href":"https:\/\/www.fatmadefneilgaz.com.tr\/kitaphane\/wp-json\/wp\/v2\/product\/1583","targetHints":{"allow":["GET"]}}],"collection":[{"href":"https:\/\/www.fatmadefneilgaz.com.tr\/kitaphane\/wp-json\/wp\/v2\/product"}],"about":[{"href":"https:\/\/www.fatmadefneilgaz.com.tr\/kitaphane\/wp-json\/wp\/v2\/types\/product"}],"wp:featuredmedia":[{"embeddable":true,"href":"https:\/\/www.fatmadefneilgaz.com.tr\/kitaphane\/wp-json\/wp\/v2\/media\/1581"}],"wp:attachment":[{"href":"https:\/\/www.fatmadefneilgaz.com.tr\/kitaphane\/wp-json\/wp\/v2\/media?parent=1583"}],"wp:term":[{"taxonomy":"product_cat","embeddable":true,"href":"https:\/\/www.fatmadefneilgaz.com.tr\/kitaphane\/wp-json\/wp\/v2\/product_cat?post=1583"},{"taxonomy":"product_tag","embeddable":true,"href":"https:\/\/www.fatmadefneilgaz.com.tr\/kitaphane\/wp-json\/wp\/v2\/product_tag?post=1583"}],"curies":[{"name":"wp","href":"https:\/\/api.w.org\/{rel}","templated":true}]}}