{"id":1616,"date":"2020-12-06T19:07:40","date_gmt":"2020-12-06T19:07:40","guid":{"rendered":"https:\/\/www.fatmadefneilgaz.com.tr\/kitaphane\/urun\/rusvetin-alamancasi\/"},"modified":"2020-12-06T19:07:40","modified_gmt":"2020-12-06T19:07:40","slug":"rusvetin-alamancasi","status":"publish","type":"product","link":"https:\/\/www.fatmadefneilgaz.com.tr\/kitaphane\/urun\/rusvetin-alamancasi\/","title":{"rendered":"R\u00dc\u015eVET\u0130N ALAMANCASI"},"content":{"rendered":"<p><span style=\"color: #000000;\"><strong>R\u00dc\u015eVET\u0130N ALAMANCASI<\/strong><\/span><\/p>\n<p><span style=\"color: #000000;\"><strong>RIFAT ILGAZ<\/strong><\/span><\/p>\n<p><span style=\"color: #000000;\">YAL\u00c7IN YAYINLARI<\/span><\/p>\n<p><span style=\"color: #000000;\">1.BASIM\u00a0 N\u0130SAN 1962<\/span><\/p>\n<p><span style=\"color: #000000;\">G\u00dcLMECE D\u0130Z\u0130S\u0130 &#8211; 2<\/span><\/p>\n<p><span style=\"color: #000000;\">18<\/span><\/p>\n<p><span style=\"color: #000000;\">Kapak: HASLET SOY\u00d6Z<\/span><\/p>\n<p><span style=\"color: #000000;\">Arka Kapak Foto\u011fraf\u0131: AYDIN ILGAZ<\/span><\/p>\n<ul>\n<li><strong><span style=\"color: #000000;\">R\u00fc\u015fvetin Alamancas\u0131<\/span><\/strong><\/li>\n<li><span style=\"color: #000000;\">Elden D\u00fc\u015fme<\/span><\/li>\n<li><strong><span style=\"color: #000000;\">Aliosman&#8217;\u0131n \u00c7akal\u0131<\/span><\/strong><\/li>\n<li><span style=\"color: #000000;\">A\u011f\u0131r Gelir Sana<\/span><\/li>\n<li><strong><span style=\"color: #000000;\">Sa\u011flam Bir Aday<\/span><\/strong><\/li>\n<li><span style=\"color: #000000;\">B\u00f6yle Ba\u015f<\/span><\/li>\n<li><strong><span style=\"color: #000000;\">Hassas Kantar<\/span><\/strong><\/li>\n<li><span style=\"color: #000000;\">Benzin Kokusu<\/span><\/li>\n<li><strong><span style=\"color: #000000;\">Devrimci Kaymakam<\/span><\/strong><\/li>\n<li><span style=\"color: #000000;\">\u00c7inekoplar\u0131n Sa\u011fl\u0131\u011f\u0131na<\/span><\/li>\n<li><strong><span style=\"color: #000000;\">Nesi Me\u015fhur<\/span><\/strong><\/li>\n<li><span style=\"color: #000000;\">K\u0131br\u0131s&#8217;a \u00c7\u0131k\u0131yoruz<\/span><\/li>\n<li><strong><span style=\"color: #000000;\">Ha Ay\u0131, Ha<\/span><\/strong><\/li>\n<li><span style=\"color: #000000;\">Madrabazlar K\u00f6y\u00fc<\/span><\/li>\n<li><strong><span style=\"color: #000000;\">Ana Y\u00fcre\u011fi<\/span><\/strong><\/li>\n<li><span style=\"color: #000000;\">\u0130ftirad\u0131r Nurici\u011fim<\/span><\/li>\n<li><strong><span style=\"color: #000000;\">Al Bunu da<\/span><\/strong><\/li>\n<li><span style=\"color: #000000;\">Bir \u015eiir Sergisi<\/span><\/li>\n<li><strong><span style=\"color: #000000;\">S\u0131\u00e7an Art\u0131\u011f\u0131\n<p><\/span><\/strong><\/li>\n<li><strong><span style=\"color: #000000;\">\u0130K\u0130 MASAL<\/span><\/strong>\n<ul>\n<li><span style=\"color: #000000;\">Keklik Geliyi P\u0131rrr<\/span><\/li>\n<li><span style=\"color: #000000;\">Alt\u0131n Ekicisi<\/span><\/li>\n<\/ul>\n<\/li>\n<\/ul>\n<p>&nbsp;<\/p>\n<div class=\"pvc_clear\"><\/div>\n<p id=\"pvc_stats_1616\" class=\"pvc_stats all  \" data-element-id=\"1616\" style=\"\"><i class=\"pvc-stats-icon large\" aria-hidden=\"true\"><svg aria-hidden=\"true\" focusable=\"false\" data-prefix=\"far\" data-icon=\"chart-bar\" role=\"img\" xmlns=\"http:\/\/www.w3.org\/2000\/svg\" viewBox=\"0 0 512 512\" class=\"svg-inline--fa fa-chart-bar fa-w-16 fa-2x\"><path fill=\"currentColor\" d=\"M396.8 352h22.4c6.4 0 12.8-6.4 12.8-12.8V108.8c0-6.4-6.4-12.8-12.8-12.8h-22.4c-6.4 0-12.8 6.4-12.8 12.8v230.4c0 6.4 6.4 12.8 12.8 12.8zm-192 0h22.4c6.4 0 12.8-6.4 12.8-12.8V140.8c0-6.4-6.4-12.8-12.8-12.8h-22.4c-6.4 0-12.8 6.4-12.8 12.8v198.4c0 6.4 6.4 12.8 12.8 12.8zm96 0h22.4c6.4 0 12.8-6.4 12.8-12.8V204.8c0-6.4-6.4-12.8-12.8-12.8h-22.4c-6.4 0-12.8 6.4-12.8 12.8v134.4c0 6.4 6.4 12.8 12.8 12.8zM496 400H48V80c0-8.84-7.16-16-16-16H16C7.16 64 0 71.16 0 80v336c0 17.67 14.33 32 32 32h464c8.84 0 16-7.16 16-16v-16c0-8.84-7.16-16-16-16zm-387.2-48h22.4c6.4 0 12.8-6.4 12.8-12.8v-70.4c0-6.4-6.4-12.8-12.8-12.8h-22.4c-6.4 0-12.8 6.4-12.8 12.8v70.4c0 6.4 6.4 12.8 12.8 12.8z\" class=\"\"><\/path><\/svg><\/i> <img loading=\"lazy\" decoding=\"async\" width=\"16\" height=\"16\" alt=\"Loading\" src=\"https:\/\/www.fatmadefneilgaz.com.tr\/kitaphane\/wp-content\/plugins\/page-views-count\/ajax-loader-2x.gif\" border=0 \/><\/p>\n<div class=\"pvc_clear\"><\/div>\n","protected":false},"excerpt":{"rendered":"<p><span style=\"color: #000000;\"><strong>R\u00dc\u015eVET\u0130N ALAMANCASI<\/strong><\/span><\/p>\n<p><span style=\"color: #000000;\"><strong>RIFAT ILGAZ<\/strong><\/span><\/p>\n<p><span style=\"color: #000000;\">YAL\u00c7IN YAYINLARI<\/span><\/p>\n<p><span style=\"color: #000000;\">1.BASIM\u00a0 N\u0130SAN 1962<\/span><\/p>\n<p><span style=\"color: #000000;\">G\u00dcLMECE D\u0130Z\u0130S\u0130 &#8211; 2<\/span><\/p>\n<p><span style=\"color: #000000;\">18<\/span><\/p>\n<p><span style=\"color: #000000;\">Kapak: HASLET SOY\u00d6Z<\/span><\/p>\n<p><span style=\"color: #000000;\">Arka Kapak Foto\u011fraf\u0131: AYDIN ILGAZ<\/span><\/p>\n<div class=\"pvc_clear\"><\/div>\n<p id=\"pvc_stats_1616\" class=\"pvc_stats all  \" data-element-id=\"1616\" style=\"\"><i class=\"pvc-stats-icon large\" aria-hidden=\"true\"><svg aria-hidden=\"true\" focusable=\"false\" data-prefix=\"far\" data-icon=\"chart-bar\" role=\"img\" xmlns=\"http:\/\/www.w3.org\/2000\/svg\" viewBox=\"0 0 512 512\" class=\"svg-inline--fa fa-chart-bar fa-w-16 fa-2x\"><path fill=\"currentColor\" d=\"M396.8 352h22.4c6.4 0 12.8-6.4 12.8-12.8V108.8c0-6.4-6.4-12.8-12.8-12.8h-22.4c-6.4 0-12.8 6.4-12.8 12.8v230.4c0 6.4 6.4 12.8 12.8 12.8zm-192 0h22.4c6.4 0 12.8-6.4 12.8-12.8V140.8c0-6.4-6.4-12.8-12.8-12.8h-22.4c-6.4 0-12.8 6.4-12.8 12.8v198.4c0 6.4 6.4 12.8 12.8 12.8zm96 0h22.4c6.4 0 12.8-6.4 12.8-12.8V204.8c0-6.4-6.4-12.8-12.8-12.8h-22.4c-6.4 0-12.8 6.4-12.8 12.8v134.4c0 6.4 6.4 12.8 12.8 12.8zM496 400H48V80c0-8.84-7.16-16-16-16H16C7.16 64 0 71.16 0 80v336c0 17.67 14.33 32 32 32h464c8.84 0 16-7.16 16-16v-16c0-8.84-7.16-16-16-16zm-387.2-48h22.4c6.4 0 12.8-6.4 12.8-12.8v-70.4c0-6.4-6.4-12.8-12.8-12.8h-22.4c-6.4 0-12.8 6.4-12.8 12.8v70.4c0 6.4 6.4 12.8 12.8 12.8z\" class=\"\"><\/path><\/svg><\/i> <img loading=\"lazy\" decoding=\"async\" width=\"16\" height=\"16\" alt=\"Loading\" src=\"https:\/\/www.fatmadefneilgaz.com.tr\/kitaphane\/wp-content\/plugins\/page-views-count\/ajax-loader-2x.gif\" border=0 \/><\/p>\n<div class=\"pvc_clear\"><\/div>\n","protected":false},"featured_media":1614,"template":"","meta":{"pgc_meta":""},"product_cat":[23,20,66],"product_tag":[266,345,39,80,343,346,344],"class_list":["post-1616","product","type-product","status-publish","has-post-thumbnail","hentry","product_cat-kitap","product_cat-rifat-ilgaz","product_cat-roman","product_tag-266","product_tag-nisan-1962","product_tag-rifat-ilgaz","product_tag-roman","product_tag-rusvetin-alamancasi","product_tag-tahir-alangu","product_tag-yalcin-yayinlari","pa_basim-yili-204","pa_imzali-hayir","pa_raf-a1","pa_tur-roman","pa_yayin-adi-rusvetin-alamancasi","pa_yayinevi-yalcin-yayinlari","pa_yazar-adi-rifat-ilgaz"],"_links":{"self":[{"href":"https:\/\/www.fatmadefneilgaz.com.tr\/kitaphane\/wp-json\/wp\/v2\/product\/1616","targetHints":{"allow":["GET"]}}],"collection":[{"href":"https:\/\/www.fatmadefneilgaz.com.tr\/kitaphane\/wp-json\/wp\/v2\/product"}],"about":[{"href":"https:\/\/www.fatmadefneilgaz.com.tr\/kitaphane\/wp-json\/wp\/v2\/types\/product"}],"wp:featuredmedia":[{"embeddable":true,"href":"https:\/\/www.fatmadefneilgaz.com.tr\/kitaphane\/wp-json\/wp\/v2\/media\/1614"}],"wp:attachment":[{"href":"https:\/\/www.fatmadefneilgaz.com.tr\/kitaphane\/wp-json\/wp\/v2\/media?parent=1616"}],"wp:term":[{"taxonomy":"product_cat","embeddable":true,"href":"https:\/\/www.fatmadefneilgaz.com.tr\/kitaphane\/wp-json\/wp\/v2\/product_cat?post=1616"},{"taxonomy":"product_tag","embeddable":true,"href":"https:\/\/www.fatmadefneilgaz.com.tr\/kitaphane\/wp-json\/wp\/v2\/product_tag?post=1616"}],"curies":[{"name":"wp","href":"https:\/\/api.w.org\/{rel}","templated":true}]}}