{"id":1625,"date":"2020-12-06T19:08:21","date_gmt":"2020-12-06T19:08:21","guid":{"rendered":"https:\/\/www.fatmadefneilgaz.com.tr\/kitaphane\/urun\/soluk-soluga-karakilcik-uzak-degil\/"},"modified":"2020-12-06T19:08:21","modified_gmt":"2020-12-06T19:08:21","slug":"soluk-soluga-karakilcik-uzak-degil","status":"publish","type":"product","link":"https:\/\/www.fatmadefneilgaz.com.tr\/kitaphane\/urun\/soluk-soluga-karakilcik-uzak-degil\/","title":{"rendered":"SOLUK SOLU\u011eA (Karak\u0131l\u00e7\u0131k\/Uzak De\u011fil)"},"content":{"rendered":"<p>(&#8230;)<\/p>\n<p>G\u00f6t\u00fcr\u00fcld\u00fcmse \u00f6zg\u00fcrl\u00fc\u011f\u00fc y\u00fcz\u00fcst\u00fc koyup<\/p>\n<p>Ben bir yanda sen bir yanda su\u00e7 kimin<\/p>\n<p>\u0130\u015fsizsem g\u00fc\u00e7s\u00fczsem onlar m\u0131 hakl\u0131<\/p>\n<p>Ben mi takt\u0131m bileklerime kelep\u00e7eyi<\/p>\n<p>duvarlar\u0131 ben mi \u00e7ektim boylu boyunca<\/p>\n<p>Ben mi vurdum kap\u0131lara \u00e7ift kilidi<\/p>\n<p>(&#8230;)<\/p>\n<h5>(Arka Kapaktan)<\/h5>\n<p>====================================<\/p>\n<p><span style=\"color: #000000;\">SOLUK SOLU\u011eA (Karak\u0131l\u00e7\u0131k\/Uzak De\u011fil)<\/span><\/p>\n<p><span style=\"color: #000000;\">Toplu \u015eiirler Dizisi 6 &#8211; 7 &#8211; 8<\/span><\/p>\n<p><span style=\"color: #000000;\">RIFAT ILGAZ<\/span><\/p>\n<p><span style=\"color: #000000;\">soluk solu\u011fa \/ karak\u0131l\u00e7\u0131k \/ uzak de\u011fil<\/span><\/p>\n<p><span style=\"color: #000000;\">\u00c7\u0131nar Yay\u0131nlar\u0131<\/span><\/p>\n<p><span style=\"color: #000000;\">Soluk Solu\u011fa &#8211; \u015eiirler<\/span><\/p>\n<p><span style=\"color: #000000;\">5. Bas\u0131m A\u011fustos 1993<\/span><\/p>\n<p><span style=\"color: #000000;\">Soluk Solu\u011fa (1962)<\/span><\/p>\n<p><span style=\"color: #000000;\">Karak\u0131l\u00e7\u0131k (1969)<\/span><\/p>\n<p><span style=\"color: #000000;\">Uzak De\u011fil (1971)<\/span><\/p>\n<p><span style=\"color: #000000;\">\u015eiirler<\/span><\/p>\n<p>&nbsp;<\/p>\n<div class=\"pvc_clear\"><\/div>\n<p id=\"pvc_stats_1625\" class=\"pvc_stats all  \" data-element-id=\"1625\" style=\"\"><i class=\"pvc-stats-icon large\" aria-hidden=\"true\"><svg aria-hidden=\"true\" focusable=\"false\" data-prefix=\"far\" data-icon=\"chart-bar\" role=\"img\" xmlns=\"http:\/\/www.w3.org\/2000\/svg\" viewBox=\"0 0 512 512\" class=\"svg-inline--fa fa-chart-bar fa-w-16 fa-2x\"><path fill=\"currentColor\" d=\"M396.8 352h22.4c6.4 0 12.8-6.4 12.8-12.8V108.8c0-6.4-6.4-12.8-12.8-12.8h-22.4c-6.4 0-12.8 6.4-12.8 12.8v230.4c0 6.4 6.4 12.8 12.8 12.8zm-192 0h22.4c6.4 0 12.8-6.4 12.8-12.8V140.8c0-6.4-6.4-12.8-12.8-12.8h-22.4c-6.4 0-12.8 6.4-12.8 12.8v198.4c0 6.4 6.4 12.8 12.8 12.8zm96 0h22.4c6.4 0 12.8-6.4 12.8-12.8V204.8c0-6.4-6.4-12.8-12.8-12.8h-22.4c-6.4 0-12.8 6.4-12.8 12.8v134.4c0 6.4 6.4 12.8 12.8 12.8zM496 400H48V80c0-8.84-7.16-16-16-16H16C7.16 64 0 71.16 0 80v336c0 17.67 14.33 32 32 32h464c8.84 0 16-7.16 16-16v-16c0-8.84-7.16-16-16-16zm-387.2-48h22.4c6.4 0 12.8-6.4 12.8-12.8v-70.4c0-6.4-6.4-12.8-12.8-12.8h-22.4c-6.4 0-12.8 6.4-12.8 12.8v70.4c0 6.4 6.4 12.8 12.8 12.8z\" class=\"\"><\/path><\/svg><\/i> <img loading=\"lazy\" decoding=\"async\" width=\"16\" height=\"16\" alt=\"Loading\" src=\"https:\/\/www.fatmadefneilgaz.com.tr\/kitaphane\/wp-content\/plugins\/page-views-count\/ajax-loader-2x.gif\" border=0 \/><\/p>\n<div class=\"pvc_clear\"><\/div>\n","protected":false},"excerpt":{"rendered":"<p><strong><span style=\"color: #000000;\">SOLUK SOLU\u011eA (Karak\u0131l\u00e7\u0131k\/Uzak De\u011fil)<\/span><\/strong><\/p>\n<p><strong><span style=\"color: #000000;\">Toplu \u015eiirler Dizisi 6 &#8211; 7 &#8211; 8<\/span><\/strong><\/p>\n<p><strong><span style=\"color: #000000;\">RIFAT ILGAZ<\/span><\/strong><\/p>\n<p><span style=\"color: #000000;\">soluk solu\u011fa \/ karak\u0131l\u00e7\u0131k \/ uzak de\u011fil<\/span><\/p>\n<p><span style=\"color: #000000;\">\u00c7\u0131nar Yay\u0131nlar\u0131<\/span><\/p>\n<p><span style=\"color: #000000;\">Soluk Solu\u011fa &#8211; \u015eiirler<\/span><\/p>\n<p><span style=\"color: #000000;\">5. Bas\u0131m A\u011fustos 1993<\/span><\/p>\n<p><span style=\"color: #000000;\">Soluk Solu\u011fa (1962)<\/span><\/p>\n<p><span style=\"color: #000000;\">Karak\u0131l\u00e7\u0131k (1969)<\/span><\/p>\n<p><span style=\"color: #000000;\">Uzak De\u011fil (1971)<\/span><\/p>\n<p><span style=\"color: #000000;\">\u015eiirler<\/span><\/p>\n<p>&nbsp;<\/p>\n<div class=\"pvc_clear\"><\/div>\n<p id=\"pvc_stats_1625\" class=\"pvc_stats all  \" data-element-id=\"1625\" style=\"\"><i class=\"pvc-stats-icon large\" aria-hidden=\"true\"><svg aria-hidden=\"true\" focusable=\"false\" data-prefix=\"far\" data-icon=\"chart-bar\" role=\"img\" xmlns=\"http:\/\/www.w3.org\/2000\/svg\" viewBox=\"0 0 512 512\" class=\"svg-inline--fa fa-chart-bar fa-w-16 fa-2x\"><path fill=\"currentColor\" d=\"M396.8 352h22.4c6.4 0 12.8-6.4 12.8-12.8V108.8c0-6.4-6.4-12.8-12.8-12.8h-22.4c-6.4 0-12.8 6.4-12.8 12.8v230.4c0 6.4 6.4 12.8 12.8 12.8zm-192 0h22.4c6.4 0 12.8-6.4 12.8-12.8V140.8c0-6.4-6.4-12.8-12.8-12.8h-22.4c-6.4 0-12.8 6.4-12.8 12.8v198.4c0 6.4 6.4 12.8 12.8 12.8zm96 0h22.4c6.4 0 12.8-6.4 12.8-12.8V204.8c0-6.4-6.4-12.8-12.8-12.8h-22.4c-6.4 0-12.8 6.4-12.8 12.8v134.4c0 6.4 6.4 12.8 12.8 12.8zM496 400H48V80c0-8.84-7.16-16-16-16H16C7.16 64 0 71.16 0 80v336c0 17.67 14.33 32 32 32h464c8.84 0 16-7.16 16-16v-16c0-8.84-7.16-16-16-16zm-387.2-48h22.4c6.4 0 12.8-6.4 12.8-12.8v-70.4c0-6.4-6.4-12.8-12.8-12.8h-22.4c-6.4 0-12.8 6.4-12.8 12.8v70.4c0 6.4 6.4 12.8 12.8 12.8z\" class=\"\"><\/path><\/svg><\/i> <img loading=\"lazy\" decoding=\"async\" width=\"16\" height=\"16\" alt=\"Loading\" src=\"https:\/\/www.fatmadefneilgaz.com.tr\/kitaphane\/wp-content\/plugins\/page-views-count\/ajax-loader-2x.gif\" border=0 \/><\/p>\n<div class=\"pvc_clear\"><\/div>\n","protected":false},"featured_media":1623,"template":"","meta":{"pgc_meta":""},"product_cat":[23,20,59],"product_tag":[266,267,268,265,269,81,261,39,62,263,260,264,262],"class_list":["post-1625","product","type-product","status-publish","has-post-thumbnail","hentry","product_cat-kitap","product_cat-rifat-ilgaz","product_cat-siir","product_tag-266","product_tag-267","product_tag-268","product_tag-265","product_tag-agustos-1993","product_tag-cinar-yayinlari","product_tag-karakilcik","product_tag-rifat-ilgaz","product_tag-siir","product_tag-siir-kitabi","product_tag-soluk-soluga","product_tag-toplu-siirleri-dizisi","product_tag-uzak-degil","pa_basim-yili-122","pa_imzali-hayir","pa_raf-a1","pa_tur-siir","pa_yayin-adi-karakilcik-2","pa_yayin-adi-soluk-soluga","pa_yayin-adi-soluk-soluga-karakilcik-uzak-degil","pa_yayin-adi-toplu-siirleri-dizisi","pa_yayin-adi-uzak-degil","pa_yayinevi-cinar","pa_yazar-adi-rifat-ilgaz"],"_links":{"self":[{"href":"https:\/\/www.fatmadefneilgaz.com.tr\/kitaphane\/wp-json\/wp\/v2\/product\/1625","targetHints":{"allow":["GET"]}}],"collection":[{"href":"https:\/\/www.fatmadefneilgaz.com.tr\/kitaphane\/wp-json\/wp\/v2\/product"}],"about":[{"href":"https:\/\/www.fatmadefneilgaz.com.tr\/kitaphane\/wp-json\/wp\/v2\/types\/product"}],"wp:featuredmedia":[{"embeddable":true,"href":"https:\/\/www.fatmadefneilgaz.com.tr\/kitaphane\/wp-json\/wp\/v2\/media\/1623"}],"wp:attachment":[{"href":"https:\/\/www.fatmadefneilgaz.com.tr\/kitaphane\/wp-json\/wp\/v2\/media?parent=1625"}],"wp:term":[{"taxonomy":"product_cat","embeddable":true,"href":"https:\/\/www.fatmadefneilgaz.com.tr\/kitaphane\/wp-json\/wp\/v2\/product_cat?post=1625"},{"taxonomy":"product_tag","embeddable":true,"href":"https:\/\/www.fatmadefneilgaz.com.tr\/kitaphane\/wp-json\/wp\/v2\/product_tag?post=1625"}],"curies":[{"name":"wp","href":"https:\/\/api.w.org\/{rel}","templated":true}]}}