{"id":1628,"date":"2020-12-06T19:08:34","date_gmt":"2020-12-06T19:08:34","guid":{"rendered":"https:\/\/www.fatmadefneilgaz.com.tr\/kitaphane\/urun\/sosyal-kadinlar-partisi\/"},"modified":"2020-12-06T19:08:34","modified_gmt":"2020-12-06T19:08:34","slug":"sosyal-kadinlar-partisi","status":"publish","type":"product","link":"https:\/\/www.fatmadefneilgaz.com.tr\/kitaphane\/urun\/sosyal-kadinlar-partisi\/","title":{"rendered":"SOSYAL KADINLAR PART\u0130S\u0130"},"content":{"rendered":"<p><span style=\"color: #000000;\"><strong>SOSYAL KADINLAR PART\u0130S\u0130<\/strong><\/span><\/p>\n<p><span style=\"color: #000000;\"><strong>RIFAT ILGAZ<\/strong><\/span><\/p>\n<p><span style=\"color: #000000;\"><strong>B\u00dcT\u00dcN ESERLER\u0130<\/strong><\/span><\/p>\n<p><span style=\"color: #000000;\">M\u0130ZAH \u00d6YK\u00dcLER\u0130<\/span><\/p>\n<p><span style=\"color: #000000;\">\u00c7INAR YAYINLARI<\/span><\/p>\n<p><span style=\"color: #000000;\">6. BASIM MAYIS 1998<\/span><\/p>\n<p><span style=\"color: #000000;\">Arka B\u00f6l\u00fcmde T\u00fcm Eserleri Listesi Var<\/span><\/p>\n<div class=\"pvc_clear\"><\/div>\n<p id=\"pvc_stats_1628\" class=\"pvc_stats all  \" data-element-id=\"1628\" style=\"\"><i class=\"pvc-stats-icon large\" aria-hidden=\"true\"><svg aria-hidden=\"true\" focusable=\"false\" data-prefix=\"far\" data-icon=\"chart-bar\" role=\"img\" xmlns=\"http:\/\/www.w3.org\/2000\/svg\" viewBox=\"0 0 512 512\" class=\"svg-inline--fa fa-chart-bar fa-w-16 fa-2x\"><path fill=\"currentColor\" d=\"M396.8 352h22.4c6.4 0 12.8-6.4 12.8-12.8V108.8c0-6.4-6.4-12.8-12.8-12.8h-22.4c-6.4 0-12.8 6.4-12.8 12.8v230.4c0 6.4 6.4 12.8 12.8 12.8zm-192 0h22.4c6.4 0 12.8-6.4 12.8-12.8V140.8c0-6.4-6.4-12.8-12.8-12.8h-22.4c-6.4 0-12.8 6.4-12.8 12.8v198.4c0 6.4 6.4 12.8 12.8 12.8zm96 0h22.4c6.4 0 12.8-6.4 12.8-12.8V204.8c0-6.4-6.4-12.8-12.8-12.8h-22.4c-6.4 0-12.8 6.4-12.8 12.8v134.4c0 6.4 6.4 12.8 12.8 12.8zM496 400H48V80c0-8.84-7.16-16-16-16H16C7.16 64 0 71.16 0 80v336c0 17.67 14.33 32 32 32h464c8.84 0 16-7.16 16-16v-16c0-8.84-7.16-16-16-16zm-387.2-48h22.4c6.4 0 12.8-6.4 12.8-12.8v-70.4c0-6.4-6.4-12.8-12.8-12.8h-22.4c-6.4 0-12.8 6.4-12.8 12.8v70.4c0 6.4 6.4 12.8 12.8 12.8z\" class=\"\"><\/path><\/svg><\/i> <img loading=\"lazy\" decoding=\"async\" width=\"16\" height=\"16\" alt=\"Loading\" src=\"https:\/\/www.fatmadefneilgaz.com.tr\/kitaphane\/wp-content\/plugins\/page-views-count\/ajax-loader-2x.gif\" border=0 \/><\/p>\n<div class=\"pvc_clear\"><\/div>\n","protected":false},"excerpt":{"rendered":"<p><span style=\"color: #000000;\"><strong>SOSYAL KADINLAR PART\u0130S\u0130<\/strong><\/span><\/p>\n<p><span style=\"color: #000000;\"><strong>RIFAT ILGAZ<\/strong><\/span><\/p>\n<p><span style=\"color: #000000;\"><strong>B\u00dcT\u00dcN ESERLER\u0130<\/strong><\/span><\/p>\n<p><span style=\"color: #000000;\">M\u0130ZAH \u00d6YK\u00dcLER\u0130<\/span><\/p>\n<p><span style=\"color: #000000;\">\u00c7INAR YAYINLARI<\/span><\/p>\n<p><span style=\"color: #000000;\">6. BASIM MAYIS 1998<\/span><\/p>\n<div class=\"pvc_clear\"><\/div>\n<p id=\"pvc_stats_1628\" class=\"pvc_stats all  \" data-element-id=\"1628\" style=\"\"><i class=\"pvc-stats-icon large\" aria-hidden=\"true\"><svg aria-hidden=\"true\" focusable=\"false\" data-prefix=\"far\" data-icon=\"chart-bar\" role=\"img\" xmlns=\"http:\/\/www.w3.org\/2000\/svg\" viewBox=\"0 0 512 512\" class=\"svg-inline--fa fa-chart-bar fa-w-16 fa-2x\"><path fill=\"currentColor\" d=\"M396.8 352h22.4c6.4 0 12.8-6.4 12.8-12.8V108.8c0-6.4-6.4-12.8-12.8-12.8h-22.4c-6.4 0-12.8 6.4-12.8 12.8v230.4c0 6.4 6.4 12.8 12.8 12.8zm-192 0h22.4c6.4 0 12.8-6.4 12.8-12.8V140.8c0-6.4-6.4-12.8-12.8-12.8h-22.4c-6.4 0-12.8 6.4-12.8 12.8v198.4c0 6.4 6.4 12.8 12.8 12.8zm96 0h22.4c6.4 0 12.8-6.4 12.8-12.8V204.8c0-6.4-6.4-12.8-12.8-12.8h-22.4c-6.4 0-12.8 6.4-12.8 12.8v134.4c0 6.4 6.4 12.8 12.8 12.8zM496 400H48V80c0-8.84-7.16-16-16-16H16C7.16 64 0 71.16 0 80v336c0 17.67 14.33 32 32 32h464c8.84 0 16-7.16 16-16v-16c0-8.84-7.16-16-16-16zm-387.2-48h22.4c6.4 0 12.8-6.4 12.8-12.8v-70.4c0-6.4-6.4-12.8-12.8-12.8h-22.4c-6.4 0-12.8 6.4-12.8 12.8v70.4c0 6.4 6.4 12.8 12.8 12.8z\" class=\"\"><\/path><\/svg><\/i> <img loading=\"lazy\" decoding=\"async\" width=\"16\" height=\"16\" alt=\"Loading\" src=\"https:\/\/www.fatmadefneilgaz.com.tr\/kitaphane\/wp-content\/plugins\/page-views-count\/ajax-loader-2x.gif\" border=0 \/><\/p>\n<div class=\"pvc_clear\"><\/div>\n","protected":false},"featured_media":1626,"template":"","meta":{"pgc_meta":""},"product_cat":[23,353,20],"product_tag":[325,86,81,391,390,357,39,389],"class_list":["post-1628","product","type-product","status-publish","has-post-thumbnail","hentry","product_cat-kitap","product_cat-oyku","product_cat-rifat-ilgaz","product_tag-325","product_tag-butun-eserleri","product_tag-cinar-yayinlari","product_tag-mayis-1998","product_tag-mizah-oykuleri","product_tag-oyku","product_tag-rifat-ilgaz","product_tag-sosyal-kadinlar-partisi","pa_basim-yili-223","pa_imzali-hayir","pa_raf-a1","pa_tur-mizah-oykuleri","pa_tur-oyku","pa_yayin-adi-sosyal-kadinlar-partisi","pa_yayinevi-cinar","pa_yazar-adi-rifat-ilgaz"],"_links":{"self":[{"href":"https:\/\/www.fatmadefneilgaz.com.tr\/kitaphane\/wp-json\/wp\/v2\/product\/1628","targetHints":{"allow":["GET"]}}],"collection":[{"href":"https:\/\/www.fatmadefneilgaz.com.tr\/kitaphane\/wp-json\/wp\/v2\/product"}],"about":[{"href":"https:\/\/www.fatmadefneilgaz.com.tr\/kitaphane\/wp-json\/wp\/v2\/types\/product"}],"wp:featuredmedia":[{"embeddable":true,"href":"https:\/\/www.fatmadefneilgaz.com.tr\/kitaphane\/wp-json\/wp\/v2\/media\/1626"}],"wp:attachment":[{"href":"https:\/\/www.fatmadefneilgaz.com.tr\/kitaphane\/wp-json\/wp\/v2\/media?parent=1628"}],"wp:term":[{"taxonomy":"product_cat","embeddable":true,"href":"https:\/\/www.fatmadefneilgaz.com.tr\/kitaphane\/wp-json\/wp\/v2\/product_cat?post=1628"},{"taxonomy":"product_tag","embeddable":true,"href":"https:\/\/www.fatmadefneilgaz.com.tr\/kitaphane\/wp-json\/wp\/v2\/product_tag?post=1628"}],"curies":[{"name":"wp","href":"https:\/\/api.w.org\/{rel}","templated":true}]}}