{"id":1716,"date":"2020-12-15T15:53:24","date_gmt":"2020-12-15T15:53:24","guid":{"rendered":"https:\/\/www.fatmadefneilgaz.com.tr\/kitaphane\/?post_type=product&#038;p=1716"},"modified":"2020-12-15T15:53:25","modified_gmt":"2020-12-15T15:53:25","slug":"sehname","status":"publish","type":"product","link":"https:\/\/www.fatmadefneilgaz.com.tr\/kitaphane\/urun\/sehname\/","title":{"rendered":"\u015eEHNAME"},"content":{"rendered":"<p><strong><span style=\"color: #000000;\">\u015eEHNAME I &#8211; II &#8211; III (3 C\u0130LT)<\/span><\/strong><\/p>\n<p><strong><span style=\"color: #000000;\">F\u0130RDEVS\u0130\u00a0<\/span><\/strong><\/p>\n<p><strong><span style=\"color: #000000;\">D\u00dcNYA EDEB\u0130YATINDAN TERC\u00dcMELER<\/span><\/strong><\/p>\n<p><strong><span style=\"color: #000000;\">\u015eARK &#8211; \u0130SLAM KLAS\u0130KLER\u0130 : 10<\/span><\/strong><\/p>\n<p><span style=\"color: #000000;\">M\u0130LL\u0130 E\u011e\u0130T\u0130M BAKANLI\u011eI<\/span><\/p>\n<p><span style=\"color: #000000;\">M\u0130LL\u0130 E\u011e\u0130T\u0130M BASIMEV\u0130<\/span><\/p>\n<p><span style=\"color: #000000;\">I \u0130STANBUL 1945 (436 sayfa)<\/span><\/p>\n<p><span style=\"color: #000000;\">II \u0130STANBUL 1947 (484 sayfa)<\/span><\/p>\n<p><span style=\"color: #000000;\">III \u0130STANBUL 1949 (460 sayfa)<\/span><\/p>\n<p><span style=\"color: #000000;\">Dil ve Tarih &#8211; Co\u011frafya Fak\u00fcltesi Profes\u00f6rlerinden Necati LUGAL taraf\u0131ndan dilimize \u00e7evrilmi\u015f ve Do\u00e7ent Kenan AKY\u00dcZ eliyle d\u00fczenlenmi\u015ftir.<\/span><\/p>\n<p>&nbsp;<\/p>\n<div class=\"pvc_clear\"><\/div>\n<p id=\"pvc_stats_1716\" class=\"pvc_stats all  \" data-element-id=\"1716\" style=\"\"><i class=\"pvc-stats-icon large\" aria-hidden=\"true\"><svg aria-hidden=\"true\" focusable=\"false\" data-prefix=\"far\" data-icon=\"chart-bar\" role=\"img\" xmlns=\"http:\/\/www.w3.org\/2000\/svg\" viewBox=\"0 0 512 512\" class=\"svg-inline--fa fa-chart-bar fa-w-16 fa-2x\"><path fill=\"currentColor\" d=\"M396.8 352h22.4c6.4 0 12.8-6.4 12.8-12.8V108.8c0-6.4-6.4-12.8-12.8-12.8h-22.4c-6.4 0-12.8 6.4-12.8 12.8v230.4c0 6.4 6.4 12.8 12.8 12.8zm-192 0h22.4c6.4 0 12.8-6.4 12.8-12.8V140.8c0-6.4-6.4-12.8-12.8-12.8h-22.4c-6.4 0-12.8 6.4-12.8 12.8v198.4c0 6.4 6.4 12.8 12.8 12.8zm96 0h22.4c6.4 0 12.8-6.4 12.8-12.8V204.8c0-6.4-6.4-12.8-12.8-12.8h-22.4c-6.4 0-12.8 6.4-12.8 12.8v134.4c0 6.4 6.4 12.8 12.8 12.8zM496 400H48V80c0-8.84-7.16-16-16-16H16C7.16 64 0 71.16 0 80v336c0 17.67 14.33 32 32 32h464c8.84 0 16-7.16 16-16v-16c0-8.84-7.16-16-16-16zm-387.2-48h22.4c6.4 0 12.8-6.4 12.8-12.8v-70.4c0-6.4-6.4-12.8-12.8-12.8h-22.4c-6.4 0-12.8 6.4-12.8 12.8v70.4c0 6.4 6.4 12.8 12.8 12.8z\" class=\"\"><\/path><\/svg><\/i> <img loading=\"lazy\" decoding=\"async\" width=\"16\" height=\"16\" alt=\"Loading\" src=\"https:\/\/www.fatmadefneilgaz.com.tr\/kitaphane\/wp-content\/plugins\/page-views-count\/ajax-loader-2x.gif\" border=0 \/><\/p>\n<div class=\"pvc_clear\"><\/div>\n","protected":false},"excerpt":{"rendered":"<p><strong><span style=\"color: #000000;\">\u015eEHNAME I &#8211; II &#8211; III (3 C\u0130LT)<\/span><\/strong><\/p>\n<p><strong><span style=\"color: #000000;\">F\u0130RDEVS\u0130\u00a0<\/span><\/strong><\/p>\n<p><strong><span style=\"color: #000000;\">D\u00dcNYA EDEB\u0130YATINDAN TERC\u00dcMELER<\/span><\/strong><\/p>\n<p><strong><span style=\"color: #000000;\">\u015eARK &#8211; \u0130SLAM KLAS\u0130KLER\u0130 : 10<\/span><\/strong><\/p>\n<p><span style=\"color: #000000;\">M\u0130LL\u0130 E\u011e\u0130T\u0130M BAKANLI\u011eI<\/span><\/p>\n<p><span style=\"color: #000000;\">M\u0130LL\u0130 E\u011e\u0130T\u0130M BASIMEV\u0130<\/span><\/p>\n<p><span style=\"color: #000000;\">I \u0130STANBUL 1945<\/span><\/p>\n<p><span style=\"color: #000000;\">II \u0130STANBUL 1947<\/span><\/p>\n<p><span style=\"color: #000000;\">III \u0130STANBUL 1949<\/span><\/p>\n<p><span style=\"color: #000000;\">Dil ve Tarih &#8211; Co\u011frafya Fak\u00fcltesi Profes\u00f6rlerinden Necati LUGAL taraf\u0131ndan dilimize \u00e7evrilmi\u015f ve Do\u00e7ent Kenan AKY\u00dcZ eliyle d\u00fczenlenmi\u015ftir.<\/span><\/p>\n<div class=\"pvc_clear\"><\/div>\n<p id=\"pvc_stats_1716\" class=\"pvc_stats all  \" data-element-id=\"1716\" style=\"\"><i class=\"pvc-stats-icon large\" aria-hidden=\"true\"><svg aria-hidden=\"true\" focusable=\"false\" data-prefix=\"far\" data-icon=\"chart-bar\" role=\"img\" xmlns=\"http:\/\/www.w3.org\/2000\/svg\" viewBox=\"0 0 512 512\" class=\"svg-inline--fa fa-chart-bar fa-w-16 fa-2x\"><path fill=\"currentColor\" d=\"M396.8 352h22.4c6.4 0 12.8-6.4 12.8-12.8V108.8c0-6.4-6.4-12.8-12.8-12.8h-22.4c-6.4 0-12.8 6.4-12.8 12.8v230.4c0 6.4 6.4 12.8 12.8 12.8zm-192 0h22.4c6.4 0 12.8-6.4 12.8-12.8V140.8c0-6.4-6.4-12.8-12.8-12.8h-22.4c-6.4 0-12.8 6.4-12.8 12.8v198.4c0 6.4 6.4 12.8 12.8 12.8zm96 0h22.4c6.4 0 12.8-6.4 12.8-12.8V204.8c0-6.4-6.4-12.8-12.8-12.8h-22.4c-6.4 0-12.8 6.4-12.8 12.8v134.4c0 6.4 6.4 12.8 12.8 12.8zM496 400H48V80c0-8.84-7.16-16-16-16H16C7.16 64 0 71.16 0 80v336c0 17.67 14.33 32 32 32h464c8.84 0 16-7.16 16-16v-16c0-8.84-7.16-16-16-16zm-387.2-48h22.4c6.4 0 12.8-6.4 12.8-12.8v-70.4c0-6.4-6.4-12.8-12.8-12.8h-22.4c-6.4 0-12.8 6.4-12.8 12.8v70.4c0 6.4 6.4 12.8 12.8 12.8z\" class=\"\"><\/path><\/svg><\/i> <img loading=\"lazy\" decoding=\"async\" width=\"16\" height=\"16\" alt=\"Loading\" src=\"https:\/\/www.fatmadefneilgaz.com.tr\/kitaphane\/wp-content\/plugins\/page-views-count\/ajax-loader-2x.gif\" border=0 \/><\/p>\n<div class=\"pvc_clear\"><\/div>\n","protected":false},"featured_media":1717,"template":"","meta":{"pgc_meta":""},"product_cat":[616,23,756,66],"product_tag":[761,762,763,617,765,759,757,592,764,758,760],"class_list":["post-1716","product","type-product","status-publish","has-post-thumbnail","hentry","product_cat-ceviri","product_cat-kitap","product_cat-meb","product_cat-roman","product_tag-761","product_tag-762","product_tag-763","product_tag-ceviri","product_tag-doc-kenan-akyuz","product_tag-dunya-klasikleri","product_tag-firdevsi","product_tag-meb","product_tag-prof-necati-lugal","product_tag-sehname","product_tag-tercume","pa_ek-aciklamalar-ceviri","pa_ek-aciklamalar-tercume","pa_raf-m1","pa_tur-dunya-edebiyati","pa_tur-roman","pa_tur-tercume","pa_yayin-adi-sehname","pa_yayinevi-meb","pa_yazar-adi-firdevsi"],"_links":{"self":[{"href":"https:\/\/www.fatmadefneilgaz.com.tr\/kitaphane\/wp-json\/wp\/v2\/product\/1716","targetHints":{"allow":["GET"]}}],"collection":[{"href":"https:\/\/www.fatmadefneilgaz.com.tr\/kitaphane\/wp-json\/wp\/v2\/product"}],"about":[{"href":"https:\/\/www.fatmadefneilgaz.com.tr\/kitaphane\/wp-json\/wp\/v2\/types\/product"}],"wp:featuredmedia":[{"embeddable":true,"href":"https:\/\/www.fatmadefneilgaz.com.tr\/kitaphane\/wp-json\/wp\/v2\/media\/1717"}],"wp:attachment":[{"href":"https:\/\/www.fatmadefneilgaz.com.tr\/kitaphane\/wp-json\/wp\/v2\/media?parent=1716"}],"wp:term":[{"taxonomy":"product_cat","embeddable":true,"href":"https:\/\/www.fatmadefneilgaz.com.tr\/kitaphane\/wp-json\/wp\/v2\/product_cat?post=1716"},{"taxonomy":"product_tag","embeddable":true,"href":"https:\/\/www.fatmadefneilgaz.com.tr\/kitaphane\/wp-json\/wp\/v2\/product_tag?post=1716"}],"curies":[{"name":"wp","href":"https:\/\/api.w.org\/{rel}","templated":true}]}}