{"id":2829,"date":"2021-01-22T12:31:00","date_gmt":"2021-01-22T12:31:00","guid":{"rendered":"https:\/\/www.fatmadefneilgaz.com.tr\/kitaphane\/urun\/turkiye-yazilari-haziran-1981-sayi-51\/"},"modified":"2021-01-22T16:27:34","modified_gmt":"2021-01-22T16:27:34","slug":"turkiye-yazilari-haziran-1981-sayi-51","status":"publish","type":"product","link":"https:\/\/www.fatmadefneilgaz.com.tr\/kitaphane\/urun\/turkiye-yazilari-haziran-1981-sayi-51\/","title":{"rendered":"T\u00dcRK\u0130YE YAZILARI HAZ\u0130RAN 1981 SAYI 51"},"content":{"rendered":"<p>T\u00dcRK\u0130YE YAZILARI HAZ\u0130RAN 1981 SAYI 51<\/p>\n<div class=\"pvc_clear\"><\/div>\n<p id=\"pvc_stats_2829\" class=\"pvc_stats all  \" data-element-id=\"2829\" style=\"\"><i class=\"pvc-stats-icon large\" aria-hidden=\"true\"><svg aria-hidden=\"true\" focusable=\"false\" data-prefix=\"far\" data-icon=\"chart-bar\" role=\"img\" xmlns=\"http:\/\/www.w3.org\/2000\/svg\" viewBox=\"0 0 512 512\" class=\"svg-inline--fa fa-chart-bar fa-w-16 fa-2x\"><path fill=\"currentColor\" d=\"M396.8 352h22.4c6.4 0 12.8-6.4 12.8-12.8V108.8c0-6.4-6.4-12.8-12.8-12.8h-22.4c-6.4 0-12.8 6.4-12.8 12.8v230.4c0 6.4 6.4 12.8 12.8 12.8zm-192 0h22.4c6.4 0 12.8-6.4 12.8-12.8V140.8c0-6.4-6.4-12.8-12.8-12.8h-22.4c-6.4 0-12.8 6.4-12.8 12.8v198.4c0 6.4 6.4 12.8 12.8 12.8zm96 0h22.4c6.4 0 12.8-6.4 12.8-12.8V204.8c0-6.4-6.4-12.8-12.8-12.8h-22.4c-6.4 0-12.8 6.4-12.8 12.8v134.4c0 6.4 6.4 12.8 12.8 12.8zM496 400H48V80c0-8.84-7.16-16-16-16H16C7.16 64 0 71.16 0 80v336c0 17.67 14.33 32 32 32h464c8.84 0 16-7.16 16-16v-16c0-8.84-7.16-16-16-16zm-387.2-48h22.4c6.4 0 12.8-6.4 12.8-12.8v-70.4c0-6.4-6.4-12.8-12.8-12.8h-22.4c-6.4 0-12.8 6.4-12.8 12.8v70.4c0 6.4 6.4 12.8 12.8 12.8z\" class=\"\"><\/path><\/svg><\/i> <img loading=\"lazy\" decoding=\"async\" width=\"16\" height=\"16\" alt=\"Loading\" src=\"https:\/\/www.fatmadefneilgaz.com.tr\/kitaphane\/wp-content\/plugins\/page-views-count\/ajax-loader-2x.gif\" border=0 \/><\/p>\n<div class=\"pvc_clear\"><\/div>\n","protected":false},"excerpt":{"rendered":"<p>T\u00dcRK\u0130YE YAZILARI HAZ\u0130RAN 1981 SAYI 51<\/p>\n<div class=\"pvc_clear\"><\/div>\n<p id=\"pvc_stats_2829\" class=\"pvc_stats all  \" data-element-id=\"2829\" style=\"\"><i class=\"pvc-stats-icon large\" aria-hidden=\"true\"><svg aria-hidden=\"true\" focusable=\"false\" data-prefix=\"far\" data-icon=\"chart-bar\" role=\"img\" xmlns=\"http:\/\/www.w3.org\/2000\/svg\" viewBox=\"0 0 512 512\" class=\"svg-inline--fa fa-chart-bar fa-w-16 fa-2x\"><path fill=\"currentColor\" d=\"M396.8 352h22.4c6.4 0 12.8-6.4 12.8-12.8V108.8c0-6.4-6.4-12.8-12.8-12.8h-22.4c-6.4 0-12.8 6.4-12.8 12.8v230.4c0 6.4 6.4 12.8 12.8 12.8zm-192 0h22.4c6.4 0 12.8-6.4 12.8-12.8V140.8c0-6.4-6.4-12.8-12.8-12.8h-22.4c-6.4 0-12.8 6.4-12.8 12.8v198.4c0 6.4 6.4 12.8 12.8 12.8zm96 0h22.4c6.4 0 12.8-6.4 12.8-12.8V204.8c0-6.4-6.4-12.8-12.8-12.8h-22.4c-6.4 0-12.8 6.4-12.8 12.8v134.4c0 6.4 6.4 12.8 12.8 12.8zM496 400H48V80c0-8.84-7.16-16-16-16H16C7.16 64 0 71.16 0 80v336c0 17.67 14.33 32 32 32h464c8.84 0 16-7.16 16-16v-16c0-8.84-7.16-16-16-16zm-387.2-48h22.4c6.4 0 12.8-6.4 12.8-12.8v-70.4c0-6.4-6.4-12.8-12.8-12.8h-22.4c-6.4 0-12.8 6.4-12.8 12.8v70.4c0 6.4 6.4 12.8 12.8 12.8z\" class=\"\"><\/path><\/svg><\/i> <img loading=\"lazy\" decoding=\"async\" width=\"16\" height=\"16\" alt=\"Loading\" src=\"https:\/\/www.fatmadefneilgaz.com.tr\/kitaphane\/wp-content\/plugins\/page-views-count\/ajax-loader-2x.gif\" border=0 \/><\/p>\n<div class=\"pvc_clear\"><\/div>\n","protected":false},"featured_media":2862,"template":"","meta":{"pgc_meta":""},"product_cat":[22],"product_tag":[1748,1825,2583,2581,2582],"class_list":["post-2829","product","type-product","status-publish","has-post-thumbnail","hentry","product_cat-dergi","product_tag-1748","product_tag-ahmet-say","product_tag-aylik-dergi","product_tag-dergi","product_tag-turkiye-yazilari","pa_basim-yili-1979","pa_imzali-hayir","pa_raf-ty1","pa_tur-dergi","pa_yayin-adi-turkiye-yazilari-haziran-1981-sayi-51","pa_yayinevi-turkiye-yazilari","pa_yazar-adi-ahmet-say-dergi"],"_links":{"self":[{"href":"https:\/\/www.fatmadefneilgaz.com.tr\/kitaphane\/wp-json\/wp\/v2\/product\/2829","targetHints":{"allow":["GET"]}}],"collection":[{"href":"https:\/\/www.fatmadefneilgaz.com.tr\/kitaphane\/wp-json\/wp\/v2\/product"}],"about":[{"href":"https:\/\/www.fatmadefneilgaz.com.tr\/kitaphane\/wp-json\/wp\/v2\/types\/product"}],"wp:featuredmedia":[{"embeddable":true,"href":"https:\/\/www.fatmadefneilgaz.com.tr\/kitaphane\/wp-json\/wp\/v2\/media\/2862"}],"wp:attachment":[{"href":"https:\/\/www.fatmadefneilgaz.com.tr\/kitaphane\/wp-json\/wp\/v2\/media?parent=2829"}],"wp:term":[{"taxonomy":"product_cat","embeddable":true,"href":"https:\/\/www.fatmadefneilgaz.com.tr\/kitaphane\/wp-json\/wp\/v2\/product_cat?post=2829"},{"taxonomy":"product_tag","embeddable":true,"href":"https:\/\/www.fatmadefneilgaz.com.tr\/kitaphane\/wp-json\/wp\/v2\/product_tag?post=2829"}],"curies":[{"name":"wp","href":"https:\/\/api.w.org\/{rel}","templated":true}]}}