{"id":3203,"date":"2021-01-30T21:34:59","date_gmt":"2021-01-30T21:34:59","guid":{"rendered":"https:\/\/www.fatmadefneilgaz.com.tr\/kitaphane\/urun\/tarih-boyunca-turk-kadininin-hak-ve-gorevleri\/"},"modified":"2021-01-30T22:41:08","modified_gmt":"2021-01-30T22:41:08","slug":"tarih-boyunca-turk-kadininin-hak-ve-gorevleri","status":"publish","type":"product","link":"https:\/\/www.fatmadefneilgaz.com.tr\/kitaphane\/urun\/tarih-boyunca-turk-kadininin-hak-ve-gorevleri\/","title":{"rendered":"TAR\u0130H BOYUNCA T\u00dcRK KADINININ  HAK VE G\u00d6REVLER\u0130"},"content":{"rendered":"<p>TAR\u0130H BOYUNCA T\u00dcRK KADINININ HAK VE G\u00d6REVLER\u0130<\/p>\n<div class=\"pvc_clear\"><\/div>\n<p id=\"pvc_stats_3203\" class=\"pvc_stats all  \" data-element-id=\"3203\" style=\"\"><i class=\"pvc-stats-icon large\" aria-hidden=\"true\"><svg aria-hidden=\"true\" focusable=\"false\" data-prefix=\"far\" data-icon=\"chart-bar\" role=\"img\" xmlns=\"http:\/\/www.w3.org\/2000\/svg\" viewBox=\"0 0 512 512\" class=\"svg-inline--fa fa-chart-bar fa-w-16 fa-2x\"><path fill=\"currentColor\" d=\"M396.8 352h22.4c6.4 0 12.8-6.4 12.8-12.8V108.8c0-6.4-6.4-12.8-12.8-12.8h-22.4c-6.4 0-12.8 6.4-12.8 12.8v230.4c0 6.4 6.4 12.8 12.8 12.8zm-192 0h22.4c6.4 0 12.8-6.4 12.8-12.8V140.8c0-6.4-6.4-12.8-12.8-12.8h-22.4c-6.4 0-12.8 6.4-12.8 12.8v198.4c0 6.4 6.4 12.8 12.8 12.8zm96 0h22.4c6.4 0 12.8-6.4 12.8-12.8V204.8c0-6.4-6.4-12.8-12.8-12.8h-22.4c-6.4 0-12.8 6.4-12.8 12.8v134.4c0 6.4 6.4 12.8 12.8 12.8zM496 400H48V80c0-8.84-7.16-16-16-16H16C7.16 64 0 71.16 0 80v336c0 17.67 14.33 32 32 32h464c8.84 0 16-7.16 16-16v-16c0-8.84-7.16-16-16-16zm-387.2-48h22.4c6.4 0 12.8-6.4 12.8-12.8v-70.4c0-6.4-6.4-12.8-12.8-12.8h-22.4c-6.4 0-12.8 6.4-12.8 12.8v70.4c0 6.4 6.4 12.8 12.8 12.8z\" class=\"\"><\/path><\/svg><\/i> <img loading=\"lazy\" decoding=\"async\" width=\"16\" height=\"16\" alt=\"Loading\" src=\"https:\/\/www.fatmadefneilgaz.com.tr\/kitaphane\/wp-content\/plugins\/page-views-count\/ajax-loader-2x.gif\" border=0 \/><\/p>\n<div class=\"pvc_clear\"><\/div>\n","protected":false},"excerpt":{"rendered":"<p>TAR\u0130H BOYUNCA T\u00dcRK KADINININ HAK VE G\u00d6REVLER\u0130<\/p>\n<div class=\"pvc_clear\"><\/div>\n<p id=\"pvc_stats_3203\" class=\"pvc_stats all  \" data-element-id=\"3203\" style=\"\"><i class=\"pvc-stats-icon large\" aria-hidden=\"true\"><svg aria-hidden=\"true\" focusable=\"false\" data-prefix=\"far\" data-icon=\"chart-bar\" role=\"img\" xmlns=\"http:\/\/www.w3.org\/2000\/svg\" viewBox=\"0 0 512 512\" class=\"svg-inline--fa fa-chart-bar fa-w-16 fa-2x\"><path fill=\"currentColor\" d=\"M396.8 352h22.4c6.4 0 12.8-6.4 12.8-12.8V108.8c0-6.4-6.4-12.8-12.8-12.8h-22.4c-6.4 0-12.8 6.4-12.8 12.8v230.4c0 6.4 6.4 12.8 12.8 12.8zm-192 0h22.4c6.4 0 12.8-6.4 12.8-12.8V140.8c0-6.4-6.4-12.8-12.8-12.8h-22.4c-6.4 0-12.8 6.4-12.8 12.8v198.4c0 6.4 6.4 12.8 12.8 12.8zm96 0h22.4c6.4 0 12.8-6.4 12.8-12.8V204.8c0-6.4-6.4-12.8-12.8-12.8h-22.4c-6.4 0-12.8 6.4-12.8 12.8v134.4c0 6.4 6.4 12.8 12.8 12.8zM496 400H48V80c0-8.84-7.16-16-16-16H16C7.16 64 0 71.16 0 80v336c0 17.67 14.33 32 32 32h464c8.84 0 16-7.16 16-16v-16c0-8.84-7.16-16-16-16zm-387.2-48h22.4c6.4 0 12.8-6.4 12.8-12.8v-70.4c0-6.4-6.4-12.8-12.8-12.8h-22.4c-6.4 0-12.8 6.4-12.8 12.8v70.4c0 6.4 6.4 12.8 12.8 12.8z\" class=\"\"><\/path><\/svg><\/i> <img loading=\"lazy\" decoding=\"async\" width=\"16\" height=\"16\" alt=\"Loading\" src=\"https:\/\/www.fatmadefneilgaz.com.tr\/kitaphane\/wp-content\/plugins\/page-views-count\/ajax-loader-2x.gif\" border=0 \/><\/p>\n<div class=\"pvc_clear\"><\/div>\n","protected":false},"featured_media":3332,"template":"","meta":{"pgc_meta":""},"product_cat":[23,756],"product_tag":[1767,308,592,2842,2843],"class_list":["post-3203","product","type-product","status-publish","has-post-thumbnail","hentry","product_cat-kitap","product_cat-meb","product_tag-1767","product_tag-kitap","product_tag-meb","product_tag-prof-dr-a-afetinan","product_tag-tarih-boyunca-turk-kadininin-hak-ve-gorevleri","pa_basim-yili-204","pa_imzali-hayir","pa_raf-meb1","pa_tur-kitap","pa_tur-meb","pa_yayin-adi-tarih-boyunca-turk-kadininin-hak-ve-gorevleri","pa_yayinevi-meb","pa_yazar-adi-prof-dr-a-afetinan"],"_links":{"self":[{"href":"https:\/\/www.fatmadefneilgaz.com.tr\/kitaphane\/wp-json\/wp\/v2\/product\/3203","targetHints":{"allow":["GET"]}}],"collection":[{"href":"https:\/\/www.fatmadefneilgaz.com.tr\/kitaphane\/wp-json\/wp\/v2\/product"}],"about":[{"href":"https:\/\/www.fatmadefneilgaz.com.tr\/kitaphane\/wp-json\/wp\/v2\/types\/product"}],"wp:featuredmedia":[{"embeddable":true,"href":"https:\/\/www.fatmadefneilgaz.com.tr\/kitaphane\/wp-json\/wp\/v2\/media\/3332"}],"wp:attachment":[{"href":"https:\/\/www.fatmadefneilgaz.com.tr\/kitaphane\/wp-json\/wp\/v2\/media?parent=3203"}],"wp:term":[{"taxonomy":"product_cat","embeddable":true,"href":"https:\/\/www.fatmadefneilgaz.com.tr\/kitaphane\/wp-json\/wp\/v2\/product_cat?post=3203"},{"taxonomy":"product_tag","embeddable":true,"href":"https:\/\/www.fatmadefneilgaz.com.tr\/kitaphane\/wp-json\/wp\/v2\/product_tag?post=3203"}],"curies":[{"name":"wp","href":"https:\/\/api.w.org\/{rel}","templated":true}]}}