{"id":3414,"date":"2021-02-04T18:07:29","date_gmt":"2021-02-04T18:07:29","guid":{"rendered":"https:\/\/www.fatmadefneilgaz.com.tr\/kitaphane\/urun\/yansima-aylik-sanat-ve-kultur-dergisi-sayi-36-aralik-1974-ozel-sayi\/"},"modified":"2021-02-04T19:08:05","modified_gmt":"2021-02-04T19:08:05","slug":"yansima-aylik-sanat-ve-kultur-dergisi-sayi-36-aralik-1974-ozel-sayi","status":"publish","type":"product","link":"https:\/\/www.fatmadefneilgaz.com.tr\/kitaphane\/urun\/yansima-aylik-sanat-ve-kultur-dergisi-sayi-36-aralik-1974-ozel-sayi\/","title":{"rendered":"YANSIMA Ayl\u0131k Sanat ve K\u00fclt\u00fcr Dergisi Say\u0131 36 Aral\u0131k 1974 \u00d6ZEL SAYI"},"content":{"rendered":"<p>YANSIMA Ayl\u0131k Sanat ve K\u00fclt\u00fcr Dergisi Say\u0131 36 Aral\u0131k 1974 \u00d6zel Say\u0131 Kapitalizm ve Fa\u015fizme Kar\u015f\u0131 Direni\u015f \u015eiirleri<\/p>\n<div class=\"pvc_clear\"><\/div>\n<p id=\"pvc_stats_3414\" class=\"pvc_stats all  \" data-element-id=\"3414\" style=\"\"><i class=\"pvc-stats-icon large\" aria-hidden=\"true\"><svg aria-hidden=\"true\" focusable=\"false\" data-prefix=\"far\" data-icon=\"chart-bar\" role=\"img\" xmlns=\"http:\/\/www.w3.org\/2000\/svg\" viewBox=\"0 0 512 512\" class=\"svg-inline--fa fa-chart-bar fa-w-16 fa-2x\"><path fill=\"currentColor\" d=\"M396.8 352h22.4c6.4 0 12.8-6.4 12.8-12.8V108.8c0-6.4-6.4-12.8-12.8-12.8h-22.4c-6.4 0-12.8 6.4-12.8 12.8v230.4c0 6.4 6.4 12.8 12.8 12.8zm-192 0h22.4c6.4 0 12.8-6.4 12.8-12.8V140.8c0-6.4-6.4-12.8-12.8-12.8h-22.4c-6.4 0-12.8 6.4-12.8 12.8v198.4c0 6.4 6.4 12.8 12.8 12.8zm96 0h22.4c6.4 0 12.8-6.4 12.8-12.8V204.8c0-6.4-6.4-12.8-12.8-12.8h-22.4c-6.4 0-12.8 6.4-12.8 12.8v134.4c0 6.4 6.4 12.8 12.8 12.8zM496 400H48V80c0-8.84-7.16-16-16-16H16C7.16 64 0 71.16 0 80v336c0 17.67 14.33 32 32 32h464c8.84 0 16-7.16 16-16v-16c0-8.84-7.16-16-16-16zm-387.2-48h22.4c6.4 0 12.8-6.4 12.8-12.8v-70.4c0-6.4-6.4-12.8-12.8-12.8h-22.4c-6.4 0-12.8 6.4-12.8 12.8v70.4c0 6.4 6.4 12.8 12.8 12.8z\" class=\"\"><\/path><\/svg><\/i> <img loading=\"lazy\" decoding=\"async\" width=\"16\" height=\"16\" alt=\"Loading\" src=\"https:\/\/www.fatmadefneilgaz.com.tr\/kitaphane\/wp-content\/plugins\/page-views-count\/ajax-loader-2x.gif\" border=0 \/><\/p>\n<div class=\"pvc_clear\"><\/div>\n","protected":false},"excerpt":{"rendered":"<p>YANSIMA Ayl\u0131k Sanat ve K\u00fclt\u00fcr Dergisi Say\u0131 36 Aral\u0131k 1974 \u00d6ZEL SAYI<\/p>\n<div class=\"pvc_clear\"><\/div>\n<p id=\"pvc_stats_3414\" class=\"pvc_stats all  \" data-element-id=\"3414\" style=\"\"><i class=\"pvc-stats-icon large\" aria-hidden=\"true\"><svg aria-hidden=\"true\" focusable=\"false\" data-prefix=\"far\" data-icon=\"chart-bar\" role=\"img\" xmlns=\"http:\/\/www.w3.org\/2000\/svg\" viewBox=\"0 0 512 512\" class=\"svg-inline--fa fa-chart-bar fa-w-16 fa-2x\"><path fill=\"currentColor\" d=\"M396.8 352h22.4c6.4 0 12.8-6.4 12.8-12.8V108.8c0-6.4-6.4-12.8-12.8-12.8h-22.4c-6.4 0-12.8 6.4-12.8 12.8v230.4c0 6.4 6.4 12.8 12.8 12.8zm-192 0h22.4c6.4 0 12.8-6.4 12.8-12.8V140.8c0-6.4-6.4-12.8-12.8-12.8h-22.4c-6.4 0-12.8 6.4-12.8 12.8v198.4c0 6.4 6.4 12.8 12.8 12.8zm96 0h22.4c6.4 0 12.8-6.4 12.8-12.8V204.8c0-6.4-6.4-12.8-12.8-12.8h-22.4c-6.4 0-12.8 6.4-12.8 12.8v134.4c0 6.4 6.4 12.8 12.8 12.8zM496 400H48V80c0-8.84-7.16-16-16-16H16C7.16 64 0 71.16 0 80v336c0 17.67 14.33 32 32 32h464c8.84 0 16-7.16 16-16v-16c0-8.84-7.16-16-16-16zm-387.2-48h22.4c6.4 0 12.8-6.4 12.8-12.8v-70.4c0-6.4-6.4-12.8-12.8-12.8h-22.4c-6.4 0-12.8 6.4-12.8 12.8v70.4c0 6.4 6.4 12.8 12.8 12.8z\" class=\"\"><\/path><\/svg><\/i> <img loading=\"lazy\" decoding=\"async\" width=\"16\" height=\"16\" alt=\"Loading\" src=\"https:\/\/www.fatmadefneilgaz.com.tr\/kitaphane\/wp-content\/plugins\/page-views-count\/ajax-loader-2x.gif\" border=0 \/><\/p>\n<div class=\"pvc_clear\"><\/div>\n","protected":false},"featured_media":3634,"template":"","meta":{"pgc_meta":""},"product_cat":[22],"product_tag":[65,2583,3050,2581,3084,3086,3085,727,3053,3051,62,61,3049],"class_list":["post-3414","product","type-product","status-publish","has-post-thumbnail","hentry","product_cat-dergi","product_tag-65","product_tag-aylik-dergi","product_tag-aylik-sanat-ve-kultur-dergisi","product_tag-dergi","product_tag-direnis-siirleri","product_tag-fasizm","product_tag-kapitalizm","product_tag-kultur","product_tag-ozel-sayi","product_tag-sanat","product_tag-siir","product_tag-tekin-sonmez","product_tag-yansima-2","pa_basim-yili-54","pa_imzali-hayir","pa_raf-dr1","pa_tur-dergi","pa_yayin-adi-yansima-aylik-sanat-ve-kultur-dergisi-sayi-36-aralik-1974-ozel-sayi-kapitalizm-ve-fasizme-karsi-direnis-siirleri","pa_yayinevi-yansima","pa_yazar-adi-tekin-sonmez"],"_links":{"self":[{"href":"https:\/\/www.fatmadefneilgaz.com.tr\/kitaphane\/wp-json\/wp\/v2\/product\/3414","targetHints":{"allow":["GET"]}}],"collection":[{"href":"https:\/\/www.fatmadefneilgaz.com.tr\/kitaphane\/wp-json\/wp\/v2\/product"}],"about":[{"href":"https:\/\/www.fatmadefneilgaz.com.tr\/kitaphane\/wp-json\/wp\/v2\/types\/product"}],"wp:featuredmedia":[{"embeddable":true,"href":"https:\/\/www.fatmadefneilgaz.com.tr\/kitaphane\/wp-json\/wp\/v2\/media\/3634"}],"wp:attachment":[{"href":"https:\/\/www.fatmadefneilgaz.com.tr\/kitaphane\/wp-json\/wp\/v2\/media?parent=3414"}],"wp:term":[{"taxonomy":"product_cat","embeddable":true,"href":"https:\/\/www.fatmadefneilgaz.com.tr\/kitaphane\/wp-json\/wp\/v2\/product_cat?post=3414"},{"taxonomy":"product_tag","embeddable":true,"href":"https:\/\/www.fatmadefneilgaz.com.tr\/kitaphane\/wp-json\/wp\/v2\/product_tag?post=3414"}],"curies":[{"name":"wp","href":"https:\/\/api.w.org\/{rel}","templated":true}]}}